{"id":157,"date":"2018-02-25T11:42:59","date_gmt":"2018-02-25T10:42:59","guid":{"rendered":"http:\/\/inmotiv.be\/donnees-des-vehicules\/"},"modified":"2025-09-10T10:42:38","modified_gmt":"2025-09-10T08:42:38","slug":"donnees-des-vehicules","status":"publish","type":"page","link":"https:\/\/www.inmotiv.be\/fr\/donnees-des-vehicules\/","title":{"rendered":"Donn\u00e9es des v\u00e9hicules"},"content":{"rendered":"<section class=\"l-section wpb_row us_custom_afc80bc8 height_medium color_secondary with_img\"><div class=\"l-section-img\" role=\"img\" aria-label=\"Image\" data-img-width=\"1600\" data-img-height=\"600\" style=\"background-image: url(https:\/\/www.inmotiv.be\/wp-content\/uploads\/zwartwit_achtergrond.png);background-position: center left;background-repeat: no-repeat;\"><\/div><div class=\"l-section-overlay\" style=\"background:rgba(151,191,13,0.73)\"><\/div><div class=\"l-section-h i-cf\"><div class=\"g-cols vc_row via_flex valign_middle type_default stacking_default\"><div class=\"vc_col-sm-12 wpb_column vc_column_container\"><div class=\"vc_column-inner\"><div class=\"wpb_wrapper\"><div class=\"g-cols wpb_row via_flex valign_middle type_default stacking_default\"><div class=\"vc_col-sm-12 wpb_column vc_column_container\"><div class=\"vc_column-inner us_custom_9b0dcda1\"><div class=\"wpb_wrapper\"><div class=\"wpb_text_column\"><div class=\"wpb_wrapper\"><h1>Tout savoir sur vos v\u00e9hicules gr\u00e2ce \u00e0 <strong>la base de donn\u00e9es le plus compl\u00e8te<\/strong> du Benelux.<\/h1>\n<p>\n<\/div><\/div><\/div><\/div><\/div><\/div><\/div><\/div><\/div><\/div><\/div><\/section><section class=\"l-section wpb_row height_small\"><div class=\"l-section-h i-cf\"><div class=\"g-cols vc_row via_flex valign_top type_default stacking_default\"><div class=\"vc_col-sm-12 wpb_column vc_column_container\"><div class=\"vc_column-inner\"><div class=\"wpb_wrapper\"><div class=\"wpb_text_column\"><div class=\"wpb_wrapper\"><h3><strong style=\"color: #97bf0d;\">Identifiez<\/strong> le v\u00e9hicule, recherchez toutes les\u00a0<strong style=\"color: #97bf0d;\">donn\u00e9es<\/strong> pertinentes et obtenez une <strong style=\"color: #97bf0d;\">\u00e9valuation<\/strong>\u00a0objective<\/h3>\n<\/div><\/div><\/div><\/div><\/div><\/div><\/div><\/section><section class=\"l-section wpb_row us_custom_f3cfe0a8 height_medium\"><div class=\"l-section-h i-cf\"><div class=\"g-cols vc_row via_flex valign_middle type_default stacking_default\"><div class=\"vc_col-sm-4 wpb_column vc_column_container has_bg_color\"><div class=\"vc_column-inner us_custom_89dae4a8\"><div class=\"wpb_wrapper\">[vc_custom_heading text=\u00a0\u00bbLa valeur correcte de vos v\u00e9hicules\u00a0\u00bb font_container=\u00a0\u00bbtag:h3|font_size:32px|text_align:center|color:%23666666|line_height:38px\u00a0\u00bb google_fonts=\u00a0\u00bbfont_family:Quicksand%3A300%2Cregular%2C700|font_style:700%20bold%20regular%3A700%3Anormal\u00a0\u00bb css=\u00a0\u00bb%7B%22default%22%3A%7B%22padding-top%22%3A%220px%22%7D%7D\u00a0\u00bb]<div class=\"wpb_text_column us_custom_8f56ac75\"><div class=\"wpb_wrapper\"><p>D\u00e9terminez la valeur actuelle ou future d\u2019un v\u00e9hicule ou d\u2019une flotte.<\/p>\n<\/div><\/div><div class=\"w-image us_custom_8d5aa4e2 align_center\"><div class=\"w-image-h\"><img decoding=\"async\" width=\"300\" height=\"46\" src=\"https:\/\/www.inmotiv.be\/wp-content\/uploads\/autoconnect-fvs-300x46.png\" class=\"attachment-medium size-medium\" alt=\"\" loading=\"lazy\" srcset=\"https:\/\/www.inmotiv.be\/wp-content\/uploads\/autoconnect-fvs-300x46.png 300w, https:\/\/www.inmotiv.be\/wp-content\/uploads\/autoconnect-fvs-1024x158.png 1024w, https:\/\/www.inmotiv.be\/wp-content\/uploads\/autoconnect-fvs-768x118.png 768w, https:\/\/www.inmotiv.be\/wp-content\/uploads\/autoconnect-fvs-650x100.png 650w\" sizes=\"auto, (max-width: 300px) 100vw, 300px\" \/><\/div><\/div><div class=\"w-btn-wrapper align_center\"><a class=\"w-btn us-btn-style_1 us_custom_5cebf53f\" title=\"Autoconnect FVS\" href=\"https:\/\/www.inmotiv.be\/fr\/donnees-des-vehicules\/autoconnect-fvs\/\"><span class=\"w-btn-label\">Autoconnect FVS<\/span><\/a><\/div><\/div><\/div><\/div><div class=\"vc_col-sm-4 wpb_column vc_column_container has_bg_color\"><div class=\"vc_column-inner us_custom_cb3ab8f6\"><div class=\"wpb_wrapper\">[vc_custom_heading text=\u00a0\u00bbLa meilleure base de donn\u00e9es du Benelux\u00a0\u00bb font_container=\u00a0\u00bbtag:h3|font_size:32px|text_align:center|color:%23666666|line_height:38px\u00a0\u00bb google_fonts=\u00a0\u00bbfont_family:Quicksand%3A300%2Cregular%2C700|font_style:700%20bold%20regular%3A700%3Anormal\u00a0\u00bb]<div class=\"wpb_text_column us_custom_8f56ac75\"><div class=\"wpb_wrapper\"><p>Toutes les donn\u00e9es techniques et commerciales des v\u00e9hicules sur le march\u00e9 depuis 1996.<\/p>\n<\/div><\/div><div class=\"w-image us_custom_8d5aa4e2 align_center\"><div class=\"w-image-h\"><img decoding=\"async\" width=\"300\" height=\"46\" src=\"https:\/\/www.inmotiv.be\/wp-content\/uploads\/logo_autoconnect_carwizard_l-Transparant-ExtendedCanvasCentered-300x46.png\" class=\"attachment-medium size-medium\" alt=\"\" loading=\"lazy\" srcset=\"https:\/\/www.inmotiv.be\/wp-content\/uploads\/logo_autoconnect_carwizard_l-Transparant-ExtendedCanvasCentered-300x46.png 300w, https:\/\/www.inmotiv.be\/wp-content\/uploads\/logo_autoconnect_carwizard_l-Transparant-ExtendedCanvasCentered-1024x158.png 1024w, https:\/\/www.inmotiv.be\/wp-content\/uploads\/logo_autoconnect_carwizard_l-Transparant-ExtendedCanvasCentered-768x118.png 768w, https:\/\/www.inmotiv.be\/wp-content\/uploads\/logo_autoconnect_carwizard_l-Transparant-ExtendedCanvasCentered-650x100.png 650w\" sizes=\"auto, (max-width: 300px) 100vw, 300px\" \/><\/div><\/div><div class=\"w-btn-wrapper align_center\"><a class=\"w-btn us-btn-style_1 us_custom_5cebf53f\" title=\"Autoconnect CARWIZARD\" href=\"https:\/\/www.inmotiv.be\/fr\/donnees-des-vehicules\/autoconnect-carwizard\/\"><span class=\"w-btn-label\">Autoconnect CARWIZARD<\/span><\/a><\/div><\/div><\/div><\/div><div class=\"vc_col-sm-4 wpb_column vc_column_container has_bg_color\"><div class=\"vc_column-inner us_custom_89dae4a8\"><div class=\"wpb_wrapper\">[vc_custom_heading text=\u00a0\u00bbRechercher des donn\u00e9es de v\u00e9hicules\u00a0\u00bb font_container=\u00a0\u00bbtag:h3|font_size:32px|text_align:center|color:%23666666|line_height:38px\u00a0\u00bb google_fonts=\u00a0\u00bbfont_family:Quicksand%3A300%2Cregular%2C700|font_style:700%20bold%20regular%3A700%3Anormal\u00a0\u00bb]<div class=\"wpb_text_column us_custom_8f56ac75\"><div class=\"wpb_wrapper\"><p>Retrouvez des donn\u00e9es techniques, commerciales, financi\u00e8res par num\u00e9ro de ch\u00e2ssis.<\/p>\n<\/div><\/div><div class=\"w-image us_custom_8d5aa4e2 align_center\"><div class=\"w-image-h\"><img decoding=\"async\" width=\"300\" height=\"46\" src=\"https:\/\/www.inmotiv.be\/wp-content\/uploads\/logo_autoconnect_lookup_l-Transparant-ExtendedCanvasCentered-300x46.png\" class=\"attachment-medium size-medium\" alt=\"\" loading=\"lazy\" srcset=\"https:\/\/www.inmotiv.be\/wp-content\/uploads\/logo_autoconnect_lookup_l-Transparant-ExtendedCanvasCentered-300x46.png 300w, https:\/\/www.inmotiv.be\/wp-content\/uploads\/logo_autoconnect_lookup_l-Transparant-ExtendedCanvasCentered-1024x158.png 1024w, https:\/\/www.inmotiv.be\/wp-content\/uploads\/logo_autoconnect_lookup_l-Transparant-ExtendedCanvasCentered-768x118.png 768w, https:\/\/www.inmotiv.be\/wp-content\/uploads\/logo_autoconnect_lookup_l-Transparant-ExtendedCanvasCentered-650x100.png 650w\" sizes=\"auto, (max-width: 300px) 100vw, 300px\" \/><\/div><\/div><div class=\"w-btn-wrapper align_center\"><a class=\"w-btn us-btn-style_1 us_custom_5cebf53f\" title=\"Autoconnect LOOKUP\" href=\"https:\/\/www.inmotiv.be\/fr\/donnees-des-vehicules\/autoconnect-lookup\/\"><span class=\"w-btn-label\">Autoconnect LOOKUP<\/span><\/a><\/div><\/div><\/div><\/div><\/div><\/div><\/section><section class=\"l-section wpb_row height_medium\"><div class=\"l-section-h i-cf\"><div class=\"g-cols vc_row via_flex valign_top type_default stacking_default\"><div class=\"vc_col-sm-12 wpb_column vc_column_container has_bg_color\"><div class=\"vc_column-inner us_custom_bbe5196a\"><div class=\"wpb_wrapper\"><div class=\"wpb_text_column us_custom_eb849559\"><div class=\"wpb_wrapper\"><h4>Besoin d\u2019aide? Prenez contact avec nous.<\/h4>\n<p>Appelez le +32 (0)3 369 18 17 ou envoyer un mail \u00e0\u00a0<a href=\"mailto:info@inmotiv.be\">info@inmotiv.be<\/a><\/p>\n<\/div><\/div><\/div><\/div><\/div><\/div><\/div><\/section>\n","protected":false},"excerpt":{"rendered":"Tout savoir sur vos v\u00e9hicules gr\u00e2ce \u00e0 la base de donn\u00e9es le plus compl\u00e8te du Benelux. Identifiez le v\u00e9hicule, recherchez toutes les\u00a0donn\u00e9es pertinentes et obtenez une \u00e9valuation\u00a0objective [vc_custom_heading text=\"La valeur correcte de vos v\u00e9hicules\" font_container=\"tag:h3|font_size:32px|text_align:center|color:%23666666|line_height:38px\" google_fonts=\"font_family:Quicksand%3A300%2Cregular%2C700|font_style:700%20bold%20regular%3A700%3Anormal\" css=\"%7B%22default%22%3A%7B%22padding-top%22%3A%220px%22%7D%7D\"]D\u00e9terminez la valeur actuelle ou future d\u2019un v\u00e9hicule ou d\u2019une flotte. Autoconnect FVS[vc_custom_heading text=\"La meilleure base de donn\u00e9es du...","protected":false},"author":1,"featured_media":0,"parent":0,"menu_order":0,"comment_status":"closed","ping_status":"closed","template":"","meta":{"footnotes":""},"class_list":["post-157","page","type-page","status-publish","hentry"],"yoast_head":"<!-- This site is optimized with the Yoast SEO plugin v26.5 - https:\/\/yoast.com\/wordpress\/plugins\/seo\/ -->\n<title>Donn\u00e9es des v\u00e9hicules - inMotiv<\/title>\n<meta name=\"robots\" content=\"index, follow, max-snippet:-1, max-image-preview:large, max-video-preview:-1\" \/>\n<link rel=\"canonical\" href=\"https:\/\/www.inmotiv.be\/fr\/donnees-des-vehicules\/\" \/>\n<meta property=\"og:locale\" content=\"fr_FR\" \/>\n<meta property=\"og:type\" content=\"article\" \/>\n<meta property=\"og:title\" content=\"Donn\u00e9es des v\u00e9hicules - inMotiv\" \/>\n<meta property=\"og:url\" content=\"https:\/\/www.inmotiv.be\/fr\/donnees-des-vehicules\/\" \/>\n<meta property=\"og:site_name\" content=\"inMotiv\" \/>\n<meta property=\"article:publisher\" content=\"https:\/\/www.facebook.com\/InMotivBelgium\" \/>\n<meta property=\"article:modified_time\" content=\"2025-09-10T08:42:38+00:00\" \/>\n<meta name=\"twitter:card\" content=\"summary_large_image\" \/>\n<meta name=\"twitter:site\" content=\"@inMotivBelgium\" \/>\n<meta name=\"twitter:label1\" content=\"Dur\u00e9e de lecture estim\u00e9e\" \/>\n\t<meta name=\"twitter:data1\" content=\"5 minutes\" \/>\n<script type=\"application\/ld+json\" class=\"yoast-schema-graph\">{\"@context\":\"https:\/\/schema.org\",\"@graph\":[{\"@type\":\"WebPage\",\"@id\":\"https:\/\/www.inmotiv.be\/fr\/donnees-des-vehicules\/\",\"url\":\"https:\/\/www.inmotiv.be\/fr\/donnees-des-vehicules\/\",\"name\":\"Donn\u00e9es des v\u00e9hicules - inMotiv\",\"isPartOf\":{\"@id\":\"https:\/\/www.inmotiv.be\/fr\/#website\"},\"datePublished\":\"2018-02-25T10:42:59+00:00\",\"dateModified\":\"2025-09-10T08:42:38+00:00\",\"inLanguage\":\"fr-FR\",\"potentialAction\":[{\"@type\":\"ReadAction\",\"target\":[\"https:\/\/www.inmotiv.be\/fr\/donnees-des-vehicules\/\"]}]},{\"@type\":\"WebSite\",\"@id\":\"https:\/\/www.inmotiv.be\/fr\/#website\",\"url\":\"https:\/\/www.inmotiv.be\/fr\/\",\"name\":\"inMotiv\",\"description\":\"Smart solutions to drive your automotive business\",\"publisher\":{\"@id\":\"https:\/\/www.inmotiv.be\/fr\/#organization\"},\"potentialAction\":[{\"@type\":\"SearchAction\",\"target\":{\"@type\":\"EntryPoint\",\"urlTemplate\":\"https:\/\/www.inmotiv.be\/fr\/?s={search_term_string}\"},\"query-input\":{\"@type\":\"PropertyValueSpecification\",\"valueRequired\":true,\"valueName\":\"search_term_string\"}}],\"inLanguage\":\"fr-FR\"},{\"@type\":\"Organization\",\"@id\":\"https:\/\/www.inmotiv.be\/fr\/#organization\",\"name\":\"inMotiv\",\"url\":\"https:\/\/www.inmotiv.be\/fr\/\",\"logo\":{\"@type\":\"ImageObject\",\"inLanguage\":\"fr-FR\",\"@id\":\"https:\/\/www.inmotiv.be\/fr\/#\/schema\/logo\/image\/\",\"url\":\"https:\/\/www.inmotiv.be\/wp-content\/uploads\/favicon.jpg\",\"contentUrl\":\"https:\/\/www.inmotiv.be\/wp-content\/uploads\/favicon.jpg\",\"width\":319,\"height\":323,\"caption\":\"inMotiv\"},\"image\":{\"@id\":\"https:\/\/www.inmotiv.be\/fr\/#\/schema\/logo\/image\/\"},\"sameAs\":[\"https:\/\/www.facebook.com\/InMotivBelgium\",\"https:\/\/x.com\/inMotivBelgium\",\"https:\/\/linkedin.com\/company\/inmotiv-belgium\"]}]}<\/script>\n<!-- \/ Yoast SEO plugin. -->","yoast_head_json":{"title":"Donn\u00e9es des v\u00e9hicules - inMotiv","robots":{"index":"index","follow":"follow","max-snippet":"max-snippet:-1","max-image-preview":"max-image-preview:large","max-video-preview":"max-video-preview:-1"},"canonical":"https:\/\/www.inmotiv.be\/fr\/donnees-des-vehicules\/","og_locale":"fr_FR","og_type":"article","og_title":"Donn\u00e9es des v\u00e9hicules - inMotiv","og_url":"https:\/\/www.inmotiv.be\/fr\/donnees-des-vehicules\/","og_site_name":"inMotiv","article_publisher":"https:\/\/www.facebook.com\/InMotivBelgium","article_modified_time":"2025-09-10T08:42:38+00:00","twitter_card":"summary_large_image","twitter_site":"@inMotivBelgium","twitter_misc":{"Dur\u00e9e de lecture estim\u00e9e":"5 minutes"},"schema":{"@context":"https:\/\/schema.org","@graph":[{"@type":"WebPage","@id":"https:\/\/www.inmotiv.be\/fr\/donnees-des-vehicules\/","url":"https:\/\/www.inmotiv.be\/fr\/donnees-des-vehicules\/","name":"Donn\u00e9es des v\u00e9hicules - inMotiv","isPartOf":{"@id":"https:\/\/www.inmotiv.be\/fr\/#website"},"datePublished":"2018-02-25T10:42:59+00:00","dateModified":"2025-09-10T08:42:38+00:00","inLanguage":"fr-FR","potentialAction":[{"@type":"ReadAction","target":["https:\/\/www.inmotiv.be\/fr\/donnees-des-vehicules\/"]}]},{"@type":"WebSite","@id":"https:\/\/www.inmotiv.be\/fr\/#website","url":"https:\/\/www.inmotiv.be\/fr\/","name":"inMotiv","description":"Smart solutions to drive your automotive business","publisher":{"@id":"https:\/\/www.inmotiv.be\/fr\/#organization"},"potentialAction":[{"@type":"SearchAction","target":{"@type":"EntryPoint","urlTemplate":"https:\/\/www.inmotiv.be\/fr\/?s={search_term_string}"},"query-input":{"@type":"PropertyValueSpecification","valueRequired":true,"valueName":"search_term_string"}}],"inLanguage":"fr-FR"},{"@type":"Organization","@id":"https:\/\/www.inmotiv.be\/fr\/#organization","name":"inMotiv","url":"https:\/\/www.inmotiv.be\/fr\/","logo":{"@type":"ImageObject","inLanguage":"fr-FR","@id":"https:\/\/www.inmotiv.be\/fr\/#\/schema\/logo\/image\/","url":"https:\/\/www.inmotiv.be\/wp-content\/uploads\/favicon.jpg","contentUrl":"https:\/\/www.inmotiv.be\/wp-content\/uploads\/favicon.jpg","width":319,"height":323,"caption":"inMotiv"},"image":{"@id":"https:\/\/www.inmotiv.be\/fr\/#\/schema\/logo\/image\/"},"sameAs":["https:\/\/www.facebook.com\/InMotivBelgium","https:\/\/x.com\/inMotivBelgium","https:\/\/linkedin.com\/company\/inmotiv-belgium"]}]}},"post_mailing_queue_ids":[],"_links":{"self":[{"href":"https:\/\/www.inmotiv.be\/fr\/wp-json\/wp\/v2\/pages\/157","targetHints":{"allow":["GET"]}}],"collection":[{"href":"https:\/\/www.inmotiv.be\/fr\/wp-json\/wp\/v2\/pages"}],"about":[{"href":"https:\/\/www.inmotiv.be\/fr\/wp-json\/wp\/v2\/types\/page"}],"author":[{"embeddable":true,"href":"https:\/\/www.inmotiv.be\/fr\/wp-json\/wp\/v2\/users\/1"}],"replies":[{"embeddable":true,"href":"https:\/\/www.inmotiv.be\/fr\/wp-json\/wp\/v2\/comments?post=157"}],"version-history":[{"count":9,"href":"https:\/\/www.inmotiv.be\/fr\/wp-json\/wp\/v2\/pages\/157\/revisions"}],"predecessor-version":[{"id":45706,"href":"https:\/\/www.inmotiv.be\/fr\/wp-json\/wp\/v2\/pages\/157\/revisions\/45706"}],"wp:attachment":[{"href":"https:\/\/www.inmotiv.be\/fr\/wp-json\/wp\/v2\/media?parent=157"}],"curies":[{"name":"wp","href":"https:\/\/api.w.org\/{rel}","templated":true}]}}